{"id":3,"date":"2020-04-30T15:39:27","date_gmt":"2020-04-30T15:39:27","guid":{"rendered":"https:\/\/atreasfinance.com\/?page_id=3"},"modified":"2020-06-05T20:36:43","modified_gmt":"2020-06-05T20:36:43","slug":"privacy-policy","status":"publish","type":"page","link":"https:\/\/atreasfinance.com\/fr\/privacy-policy\/","title":{"rendered":"Privacy Policy"},"content":{"rendered":"<p><\/p>\n<p>Atreas Finance is following referred to as Our Company. Cette politique de confidentialit\u00e9 explique comment notre organisation utilise les donn\u00e9es que nous collections lors de votre visite sur notre site<\/p>\n<section class=\"ppolicy_list\">\n<h3 class=\"ppolicy_heading\">Sujets:<\/h3>\n<ul class=\"tsplit\">\n<li>Quelles donn\u00e9es collectons-nous ?<\/li>\n<li>Comment utilisons-nous les cookies?<\/li>\n<li>Comment collectons-nous vos donn\u00e9es?<\/li>\n<li>Quel type de cookies utilisons-nous?<\/li>\n<li>Comment utiliserons-nous vos donn\u00e9es?<\/li>\n<li>Comment g\u00e9rer vos cookies?<\/li>\n<li>Comment stockons-nous vos donn\u00e9es?<\/li>\n<li>Politques de confidentialit\u00e9s de autres sites<\/li>\n<li>Marketing<\/li>\n<li>Changement \u00e0 notre politique de confidentialit\u00e9<\/li>\n<li>Quels sont vos droits en mati\u00e8re de protection des donn\u00e9es?<\/li>\n<li>Comment nous contacter<\/li>\n<li>Que sont les cookies?<\/li>\n<li>Comment contacter les autorit\u00e9s comp\u00e9tentes<\/li>\n<\/ul>\n<\/section>\n<section class=\"ppolicy_list\">\n<h3 class=\"ppolicy_heading\">Quelles donn\u00e9es collectons-nous ?<\/h3>\n<p>Atreas Finance collecte les donn\u00e9es suivantes:<\/p>\n<ul class=\"nosplit\">\n<li>Information d&rsquo;identification personnelle (Nom, adresse courriel, num\u00e9ro de t\u00e9l\u00e9phone, titre ou fonction, nom de la soci\u00e9t\u00e9)<\/li>\n<\/ul>\n<\/section>\n<section class=\"ppolicy_list\">\n<h3 class=\"ppolicy_heading\">How will we use your data?<\/h3>\n<p>Atreas Finance collecte les donn\u00e9es suivantes:<\/p>\n<ul class=\"nosplit mb10\">\n<li>Process your order, manage your account<\/li>\n<li>Email you with special offers on other products and services we think you might like<\/li>\n<\/ul>\n<p>If you agree, Atreas Finance will share your data with our partner companies so that they may offer you their products and services<\/p>\n<p>When Atreas Finance processes your order, it may send your data to, and also use the resulting information from, credit reference agencies to prevent fraudulent purchases.<\/p>\n<\/section>\n<section class=\"ppolicy_list\">\n<h3 class=\"ppolicy_heading\">How do we store your data?<\/h3>\n<p>Atreas Finance securely stores your data at (enter location and describe security precautions taken)<\/p>\n<p>Our Company will keep your personal data for 36 months. Once this time period has expired, we will delete your data by [enter how you delete user\u2019s data]<\/p>\n<\/section>\n<section class=\"ppolicy_list\">\n<h3 class=\"ppolicy_heading\">Marketing<\/h3>\n<p>Our Company would like to send your information about products and services of ours that we think you might like, as well as those of our partner companies<\/p>\n<ul class=\"nosplit mb10\">\n<li>[List partner companies here]<\/li>\n<\/ul>\n<p>If you have agreed to receive marketing, you may always opt out later.<\/p>\n<p>You have the right at any time to stop Our Company from contacting you for marketing purposes or giving your data to other members of the Atreas Finance Group.<\/p>\n<p>If you no longer wish to be contacted for marketing purposes, please <a href=\"#\">click here<\/a>.<\/p>\n<\/section>\n<section class=\"ppolicy_list\">\n<h3 class=\"ppolicy_heading\">How do we use cookies?<\/h3>\n<p>Our Company would like to send your information about products and services of ours that we think you might like, as well as those of our partner companies<\/p>\n<ul class=\"nosplit mb10\">\n<li>[List partner companies here]<\/li>\n<\/ul>\n<p>If you have agreed to receive marketing, you may always opt out later.<\/p>\n<p>You have the right at any time to stop Our Company from contacting you for marketing purposes or giving your data to other members of the Atreas Finance Group.<\/p>\n<p>If you no longer wish to be contacted for marketing purposes, please <a href=\"#\">click here<\/a>.<\/p>\n<\/section>\n<section class=\"ppolicy_list\">\n<h3 class=\"ppolicy_heading\">What are your data protection rights?<\/h3>\n<p>Our Company would like to make sure you are fully aware of all of your data protection rights.<\/p>\n<p>Every user is entitled to the following:<\/p>\n<p><b>The right to access \u2013 <\/b> You have the right to request our company for copies of your personal data.We may charge you a small fee for this service.<\/p>\n<p><b>The right to rectification \u2013<\/b>  You have the right to request that our company correct any information you believes is inaccurate. You also have the right to request Our Company to complete information you believe is incomplete.<\/p>\n<p><b>The right to erasure \u2013<\/b>  You have the right to request that our company erase your personal data, under certain conditions.<\/p>\n<p><b>The right to restrict processing \u2013<\/b>  You have the right to request that our company restrict the processing of your personal data, under certain conditions.<\/p>\n<p><b>The right to object to processing \u2013<\/b>  You have the right to object to our company\u2019s processing of your personal data, under certain conditions.<\/p>\n<p><b>The right to data portability \u2013<\/b>  You have the right to request that our company transfer the data that we have collected to another organisation, or directly to you, under certain conditions.<\/p>\n<p>If you make a request, we have one month to respond to you. If you would like to exercise any of these rights, please contact us at our email: <a href=\"mailto:#\"  >gilles.lefebvre@atreasfinance.com<\/a>.<\/p>\n<p>                            <span style=\"font-size: 1.5em\">Call us at: <label style=\"color: #000;font-weight: 400;\">+55 11 94536-6022<\/label><\/span>\n                        <\/p>\n<\/section>\n<section class=\"ppolicy_list\">\n<h3 class=\"ppolicy_heading\">What are cookies?<\/h3>\n<p>Cookies are text files placed on your computer to collect standard internet log information and visitor behaviour information. When you visit our website, we may collect information from you automatically through cookies or similar technology.<\/p>\n<p>                            For further information, visit <a href=\"#\">allaboutcookies.org<\/a>.<\/p>\n<\/section>\n<section class=\"ppolicy_list\">\n<h3 class=\"ppolicy_heading\">How do we use cookies?<\/h3>\n<p>Our Company uses cookies in a range of ways to improve your experience on our website, including:<\/p>\n<ul class=\"nosplit mb10\">\n<li>Keeping you signed in<\/li>\n<li>Understanding how you use our website<\/li>\n<\/ul>\n<\/section>\n<section class=\"ppolicy_list\">\n<h3 class=\"ppolicy_heading\">What types of cookies do we use?<\/h3>\n<p>There are a few different types of cookies, however our website uses:<\/p>\n<ul class=\"nosplit mb10\">\n<li><b>Functionality\u2013<\/b> Our Company uses these cookies so that we recognize your on our website and remember your previously selected preferences. These could include what language you prefer and location you are in. A mix of first-party and third-party cookies are used.<\/li>\n<li><b>Advertising\u2013<\/b> Our Company uses these cookies to collect information about your visit to our website, the content you viewed, the links you followed and information about your browser, device, and your IP address. Our Company sometimes shares some limited aspects of this data with third parties for advertising purposes. We may also share online data collected through cookies with our advertising partners. This means that when you visit another website, you may be shown advertising based on your browsing patterns on our website.<\/li>\n<\/ul>\n<\/section>\n<section class=\"ppolicy_list\">\n<h3 class=\"ppolicy_heading\">How to manage cookies<\/h3>\n<p>You can set your browser not to accept cookies, and the above website tells you how to remove cookies from your browser. However, in a few cases, some of our website features may not function as a result.<\/p>\n<\/section>\n<section class=\"ppolicy_list\">\n<h3 class=\"ppolicy_heading\">Privacy policies of other websites<\/h3>\n<p>The Atreas Finance website contains links to other websites. Our privacy policy applies only to our website, so if you click on a link to another website, you should read their privacy policy.<\/p>\n<\/section>\n<section class=\"ppolicy_list\">\n<h3 class=\"ppolicy_heading\">Changes to our privacy policy<\/h3>\n<p>Atreas Finance keeps its privacy policy under regular review and places any updates on this web page. This privacy policy was last updated on 19 March 2019.<\/p>\n<\/section>\n<section class=\"ppolicy_list\">\n<h3 class=\"ppolicy_heading\">How to contact us<\/h3>\n<p>If you have any questions about Atreas Finance\u2019s privacy policy, the data we hold on you, or you would like to exercise one of your data protection rights, please do not hesitate to contact us.<\/p>\n<p>                            Email us at : <a href=\"mailto:#\">gilles.lefebvre@atreasfinance.com<\/a>\n                        <\/p>\n<\/section>\n<section class=\"ppolicy_list\">\n<h3 class=\"ppolicy_heading\">How to contact the appropriate authority<\/h3>\n<p>Should you wish to report a complaint or if you feel that Atreas Finance has not addressed your concern in a satisfactory manner, you may contact the Information Commissioner\u2019s Office.<\/p>\n<\/section>\n<p><\/p>","protected":false},"excerpt":{"rendered":"<p>Atreas Finance is following referred to as Our Company. Cette politique de confidentialit\u00e9 explique comment notre organisation utilise les donn\u00e9es que nous collections lors de votre visite sur notre site Sujets: Quelles donn\u00e9es collectons-nous ? Comment utilisons-nous les cookies? Comment collectons-nous vos donn\u00e9es? Quel type de cookies utilisons-nous? Comment utiliserons-nous vos donn\u00e9es? Comment g\u00e9rer vos &hellip; <\/p>\n<p class=\"link-more\"><a href=\"https:\/\/atreasfinance.com\/fr\/privacy-policy\/\" class=\"more-link\">Continuer la lecture<span class=\"screen-reader-text\"> de &laquo;&nbsp;Privacy Policy&nbsp;&raquo;<\/span><\/a><\/p>\n","protected":false},"author":1,"featured_media":0,"parent":0,"menu_order":0,"comment_status":"closed","ping_status":"open","template":"","meta":{"_monsterinsights_skip_tracking":false,"_monsterinsights_sitenote_active":false,"_monsterinsights_sitenote_note":"","_monsterinsights_sitenote_category":0,"footnotes":""},"class_list":["post-3","page","type-page","status-publish","hentry"],"_links":{"self":[{"href":"https:\/\/atreasfinance.com\/fr\/wp-json\/wp\/v2\/pages\/3","targetHints":{"allow":["GET"]}}],"collection":[{"href":"https:\/\/atreasfinance.com\/fr\/wp-json\/wp\/v2\/pages"}],"about":[{"href":"https:\/\/atreasfinance.com\/fr\/wp-json\/wp\/v2\/types\/page"}],"author":[{"embeddable":true,"href":"https:\/\/atreasfinance.com\/fr\/wp-json\/wp\/v2\/users\/1"}],"replies":[{"embeddable":true,"href":"https:\/\/atreasfinance.com\/fr\/wp-json\/wp\/v2\/comments?post=3"}],"version-history":[{"count":5,"href":"https:\/\/atreasfinance.com\/fr\/wp-json\/wp\/v2\/pages\/3\/revisions"}],"predecessor-version":[{"id":233,"href":"https:\/\/atreasfinance.com\/fr\/wp-json\/wp\/v2\/pages\/3\/revisions\/233"}],"wp:attachment":[{"href":"https:\/\/atreasfinance.com\/fr\/wp-json\/wp\/v2\/media?parent=3"}],"curies":[{"name":"wp","href":"https:\/\/api.w.org\/{rel}","templated":true}]}}