{"id":16,"date":"2020-04-30T16:02:30","date_gmt":"2020-04-30T16:02:30","guid":{"rendered":"https:\/\/atreasfinance.com\/?page_id=16"},"modified":"2020-06-05T08:49:16","modified_gmt":"2020-06-05T08:49:16","slug":"finance-transformation","status":"publish","type":"page","link":"https:\/\/atreasfinance.com\/fr\/finance-transformation\/","title":{"rendered":"Finance Transformation"},"content":{"rendered":"<p><\/p>\n<h4>Nous mettons l&rsquo;humain au centre de la transformation<\/h4>\n<p>                    <img decoding=\"async\" class=\"service_img\" src=\"https:\/\/atreasfinance.com\/wp-content\/uploads\/2020\/04\/fi_feature_img.png\" \/><\/p>\n<p>Parce que les outils et les donn\u00e9es ne sont rien sans une analyse et une mise en relation dans le processus de d\u00e9cision, il est indispensable d&rsquo;avoir une \u00e9quipe financi\u00e8re agissant en partenaire des op\u00e9rations industrielles ou commerciales. Cette \u00e9quipe doit par ailleurs avoir les moyens techniques, via des outils performants, de produire efficacement des informations financi\u00e8res fiables pour se consacrer \u00e0 l&rsquo;analyse et au support \u00e0 valeur ajout\u00e9e pour l&rsquo;entreprise.<\/p>\n<p>Avec l&rsquo;impl\u00e9mentation r\u00e9ussie d&rsquo;ERP dans plusieurs pays, Atreas Finance est votre partenaire dans la mise en place de votre prochain ERP. Nous vous accompagnons dans la d\u00e9finition de votre besoin, dans le choix de la meilleure solution et dans sa mise en place ainsi que dans la gestion du changement.<\/p>\n<p>Au-del\u00e0 des outils, nous accompagnons vos collaborateurs vers un focus sur des taches \u00e0 valeur ajout\u00e9e et les aidons \u00e0 se positionner en support de l&rsquo;ensemble des op\u00e9rations de l&rsquo;entreprise.<\/p>\n<p><\/p>","protected":false},"excerpt":{"rendered":"<p>Nous mettons l&rsquo;humain au centre de la transformation Parce que les outils et les donn\u00e9es ne sont rien sans une analyse et une mise en relation dans le processus de d\u00e9cision, il est indispensable d&rsquo;avoir une \u00e9quipe financi\u00e8re agissant en partenaire des op\u00e9rations industrielles ou commerciales. Cette \u00e9quipe doit par ailleurs avoir les moyens techniques, &hellip; <\/p>\n<p class=\"link-more\"><a href=\"https:\/\/atreasfinance.com\/fr\/finance-transformation\/\" class=\"more-link\">Continuer la lecture<span class=\"screen-reader-text\"> de &laquo;&nbsp;Finance Transformation&nbsp;&raquo;<\/span><\/a><\/p>\n","protected":false},"author":1,"featured_media":0,"parent":0,"menu_order":0,"comment_status":"closed","ping_status":"closed","template":"Finance-Transformation.php","meta":{"_monsterinsights_skip_tracking":false,"_monsterinsights_sitenote_active":false,"_monsterinsights_sitenote_note":"","_monsterinsights_sitenote_category":0,"footnotes":""},"class_list":["post-16","page","type-page","status-publish","hentry"],"_links":{"self":[{"href":"https:\/\/atreasfinance.com\/fr\/wp-json\/wp\/v2\/pages\/16","targetHints":{"allow":["GET"]}}],"collection":[{"href":"https:\/\/atreasfinance.com\/fr\/wp-json\/wp\/v2\/pages"}],"about":[{"href":"https:\/\/atreasfinance.com\/fr\/wp-json\/wp\/v2\/types\/page"}],"author":[{"embeddable":true,"href":"https:\/\/atreasfinance.com\/fr\/wp-json\/wp\/v2\/users\/1"}],"replies":[{"embeddable":true,"href":"https:\/\/atreasfinance.com\/fr\/wp-json\/wp\/v2\/comments?post=16"}],"version-history":[{"count":5,"href":"https:\/\/atreasfinance.com\/fr\/wp-json\/wp\/v2\/pages\/16\/revisions"}],"predecessor-version":[{"id":230,"href":"https:\/\/atreasfinance.com\/fr\/wp-json\/wp\/v2\/pages\/16\/revisions\/230"}],"wp:attachment":[{"href":"https:\/\/atreasfinance.com\/fr\/wp-json\/wp\/v2\/media?parent=16"}],"curies":[{"name":"wp","href":"https:\/\/api.w.org\/{rel}","templated":true}]}}