{"id":14,"date":"2020-04-30T16:02:22","date_gmt":"2020-04-30T16:02:22","guid":{"rendered":"https:\/\/atreasfinance.com\/?page_id=14"},"modified":"2020-06-04T17:19:09","modified_gmt":"2020-06-04T17:19:09","slug":"business-support","status":"publish","type":"page","link":"https:\/\/atreasfinance.com\/fr\/business-support\/","title":{"rendered":"Business Support"},"content":{"rendered":"<p>Au lancement, en phase de croissance ou lors d&rsquo;une restructuration, vous ressentez le besoin d&rsquo;\u00eatre \u00e9paul\u00e9 par un expert en finance qui vous apportera les analyses et recommandations qui fera la diff\u00e9rence et vous soulagerons lors de vos d\u00e9cisions.<\/p>\n<p>En fonction de vos besoins, nous d\u00e9finissons ensemble un plan d&rsquo;actions qui vous permettra de b\u00e9n\u00e9ficier des services d&rsquo;un directeur financier exp\u00e9riment\u00e9 et qui mettra en place les actions n\u00e9cessaires pour vous soutenir et apporter de la valeur ajout\u00e9e \u00e0 vos donn\u00e9es financi\u00e8res.<\/p>\n<p>Appelez-nous au 06 87 07 09 52 pour revoir ensemble vos besoins.<\/p>","protected":false},"excerpt":{"rendered":"<p>Au lancement, en phase de croissance ou lors d&rsquo;une restructuration, vous ressentez le besoin d&rsquo;\u00eatre \u00e9paul\u00e9 par un expert en finance qui vous apportera les analyses et recommandations qui fera la diff\u00e9rence et vous soulagerons lors de vos d\u00e9cisions. En fonction de vos besoins, nous d\u00e9finissons ensemble un plan d&rsquo;actions qui vous permettra de b\u00e9n\u00e9ficier &hellip; <\/p>\n<p class=\"link-more\"><a href=\"https:\/\/atreasfinance.com\/fr\/business-support\/\" class=\"more-link\">Continuer la lecture<span class=\"screen-reader-text\"> de &laquo;&nbsp;Business Support&nbsp;&raquo;<\/span><\/a><\/p>\n","protected":false},"author":1,"featured_media":0,"parent":0,"menu_order":0,"comment_status":"closed","ping_status":"closed","template":"businesssupport-page.php","meta":{"_monsterinsights_skip_tracking":false,"_monsterinsights_sitenote_active":false,"_monsterinsights_sitenote_note":"","_monsterinsights_sitenote_category":0,"footnotes":""},"class_list":["post-14","page","type-page","status-publish","hentry"],"_links":{"self":[{"href":"https:\/\/atreasfinance.com\/fr\/wp-json\/wp\/v2\/pages\/14","targetHints":{"allow":["GET"]}}],"collection":[{"href":"https:\/\/atreasfinance.com\/fr\/wp-json\/wp\/v2\/pages"}],"about":[{"href":"https:\/\/atreasfinance.com\/fr\/wp-json\/wp\/v2\/types\/page"}],"author":[{"embeddable":true,"href":"https:\/\/atreasfinance.com\/fr\/wp-json\/wp\/v2\/users\/1"}],"replies":[{"embeddable":true,"href":"https:\/\/atreasfinance.com\/fr\/wp-json\/wp\/v2\/comments?post=14"}],"version-history":[{"count":5,"href":"https:\/\/atreasfinance.com\/fr\/wp-json\/wp\/v2\/pages\/14\/revisions"}],"predecessor-version":[{"id":198,"href":"https:\/\/atreasfinance.com\/fr\/wp-json\/wp\/v2\/pages\/14\/revisions\/198"}],"wp:attachment":[{"href":"https:\/\/atreasfinance.com\/fr\/wp-json\/wp\/v2\/media?parent=14"}],"curies":[{"name":"wp","href":"https:\/\/api.w.org\/{rel}","templated":true}]}}