{"id":12,"date":"2020-04-30T16:02:11","date_gmt":"2020-04-30T16:02:11","guid":{"rendered":"https:\/\/atreasfinance.com\/?page_id=12"},"modified":"2025-03-12T15:32:34","modified_gmt":"2025-03-12T15:32:34","slug":"about","status":"publish","type":"page","link":"https:\/\/atreasfinance.com\/fr\/about\/","title":{"rendered":"A propos"},"content":{"rendered":"<p><\/p>\n<h1>Des analyses centr\u00e9es sur vos probl\u00e9matiques d\u00e9bouchant sur des recommandations pertinentes\u00a0 et sur mesure<\/h1>\n<p><span class=\"highlighttxt\">Les meilleures pratiques au service de votre entreprise.<\/span><\/p>\n<p><span class=\"highlighttxt\"><span style=\"color: midnightblue; font-weight: bold;\">Fondateur<\/span><\/span><\/p>\n<p>Atreas Finance a \u00e9t\u00e9 fond\u00e9 par Gilles Lefebvre qui met \u00e0 votre service 20 ans d&rsquo;exp\u00e9rience en contr\u00f4le de gestion et en direction financi\u00e8re. Diplom\u00e9 en Audit et Contr\u00f4le de gestion d&rsquo;Audencia Nantes School of Management, il a d\u00e9velopp\u00e9 sa carri\u00e8re dans l&rsquo;industrie de haute technologie dans diff\u00e9rents pays en Europe, au Moyen Orient et en Am\u00e9rique Latine. Il a notamment particip\u00e9 \u00e0 la cr\u00e9ation de soci\u00e9t\u00e9s \u00e0 Oman, en Iraq et en Bolivie. Il a par ailleurs contribu\u00e9 \u00e0 la progression et au d\u00e9veloppement d&rsquo;\u00e9quipes financi\u00e8res dans diverses soci\u00e9t\u00e9s. Expert en contr\u00f4le financier pour les offres et projets notamment \u00e0 l&rsquo;exportation, il a aid\u00e9 \u00e0 la structuration du business plan de diff\u00e9rentes start ups afin de les accompagner dans leur lancement et leur croissance.<\/p>\n<p><span class=\"highlighttxt\"><span style=\"color: midnightblue; font-weight: bold;\">Valeurs<\/span><\/span><br \/>\n<span class=\"highlighttxt\">&#8211; Ecoute du client et personnalisation<\/span><br \/>\nLorsque vous vous adressez \u00e0 Atreas Finance, vous avez la certidude d&rsquo;une solution faite sur mesure dans laquelle nous prenons en compte toutes vos demandes. Chaque entreprise est diff\u00e9rente, elle a un environnement mais aussi une histoire et des personnes. C&rsquo;est pourquoi nous nous adaptons toujours \u00e0 vos besoins pour d\u00e9livrer une solution qui aura un v\u00e9ritable impact positif pour votre entreprise.<br \/>\n<span class=\"highlighttxt\">&#8211; Transparence<\/span><br \/>\nAbsolument indissociable des m\u00e9tiers de la finance, nous nous engageons et suivons un code \u00e9thique stricte qui vous assure un tr\u00e8s haut niveau d&rsquo;int\u00e9grit\u00e9 de notre part ainsi qu&rsquo;une transparence vis-\u00e0-vis de nos clients<br \/>\n<span class=\"highlighttxt\">&#8211; Excellence<\/span><br \/>\nVotre entreprise, quelque soit sa taille, m\u00e9rite le meilleur et nous sommes fiers de fournir des prestations de grande qualit\u00e9 accessible \u00e0 tous les entrepreneurs et dirigeants d&rsquo;entreprises.<\/p>\n<p><span class=\"highlighttxt\"><span style=\"color: midnightblue; font-weight: bold;\">Equipe<\/span><\/span><br \/>\nNous mettons \u00e0 votre disposition une \u00e9quipe exp\u00e9riment\u00e9e disponible dans diff\u00e9rents pays. Nos consultants ont tous des exp\u00e9riences r\u00e9ussies en contr\u00f4le financier de projet et\/ou en contr\u00f4le de gestion et partagent notre objectif de mettre la finance au service du d\u00e9veloppement de votre entreprise.<\/p>\n<p><span class=\"highlighttxt\"><span style=\"color: midnightblue; font-weight: bold;\">Contact<\/span><\/span><br \/>\nAtreas Finance SASU<br \/>\n10 rue de Penthi\u00e8vre<br \/>\n75008 Paris<\/p>\n<p>gilles.lefebvre@atreasfinance.com<br \/>\n+33 (0)6 37 45 66 38<\/p>","protected":false},"excerpt":{"rendered":"<p>Des analyses centr\u00e9es sur vos probl\u00e9matiques d\u00e9bouchant sur des recommandations pertinentes\u00a0 et sur mesure Les meilleures pratiques au service de votre entreprise. Fondateur Atreas Finance a \u00e9t\u00e9 fond\u00e9 par Gilles Lefebvre qui met \u00e0 votre service 20 ans d&rsquo;exp\u00e9rience en contr\u00f4le de gestion et en direction financi\u00e8re. Diplom\u00e9 en Audit et Contr\u00f4le de gestion d&rsquo;Audencia &hellip; <\/p>\n<p class=\"link-more\"><a href=\"https:\/\/atreasfinance.com\/fr\/about\/\" class=\"more-link\">Continuer la lecture<span class=\"screen-reader-text\"> de &laquo;&nbsp;A propos&nbsp;&raquo;<\/span><\/a><\/p>\n","protected":false},"author":1,"featured_media":103,"parent":0,"menu_order":0,"comment_status":"closed","ping_status":"closed","template":"","meta":{"_monsterinsights_skip_tracking":false,"_monsterinsights_sitenote_active":false,"_monsterinsights_sitenote_note":"","_monsterinsights_sitenote_category":0,"footnotes":""},"class_list":["post-12","page","type-page","status-publish","has-post-thumbnail","hentry"],"_links":{"self":[{"href":"https:\/\/atreasfinance.com\/fr\/wp-json\/wp\/v2\/pages\/12","targetHints":{"allow":["GET"]}}],"collection":[{"href":"https:\/\/atreasfinance.com\/fr\/wp-json\/wp\/v2\/pages"}],"about":[{"href":"https:\/\/atreasfinance.com\/fr\/wp-json\/wp\/v2\/types\/page"}],"author":[{"embeddable":true,"href":"https:\/\/atreasfinance.com\/fr\/wp-json\/wp\/v2\/users\/1"}],"replies":[{"embeddable":true,"href":"https:\/\/atreasfinance.com\/fr\/wp-json\/wp\/v2\/comments?post=12"}],"version-history":[{"count":5,"href":"https:\/\/atreasfinance.com\/fr\/wp-json\/wp\/v2\/pages\/12\/revisions"}],"predecessor-version":[{"id":273,"href":"https:\/\/atreasfinance.com\/fr\/wp-json\/wp\/v2\/pages\/12\/revisions\/273"}],"wp:featuredmedia":[{"embeddable":true,"href":"https:\/\/atreasfinance.com\/fr\/wp-json\/wp\/v2\/media\/103"}],"wp:attachment":[{"href":"https:\/\/atreasfinance.com\/fr\/wp-json\/wp\/v2\/media?parent=12"}],"curies":[{"name":"wp","href":"https:\/\/api.w.org\/{rel}","templated":true}]}}